{"id":2,"date":"2014-11-27T08:55:14","date_gmt":"2014-11-27T08:55:14","guid":{"rendered":"http:\/\/www.kistner-fn.de\/?page_id=2"},"modified":"2022-01-22T19:33:05","modified_gmt":"2022-01-22T17:33:05","slug":"beispiel-seite","status":"publish","type":"page","link":"https:\/\/www.kistner-fn.de\/","title":{"rendered":"Willkommen in FN&#8230;"},"content":{"rendered":"<p>Friedrichshafen am Bodensee liegt im S\u00fcden von Deutschland direkt am n\u00f6rdlichen Bodenseeufer.<\/p>\n<p>&#8222;Wir leben und arbeiten da wo andere Menschen Urlaub machen&#8230;&#8220;<\/p>\n<p>wird gerne von den Einheimischen hier vor Ort angef\u00fchrt, beschreibt in Kurzform treffend die Region und ist nicht nur eine nett gemeinte Floskel.&nbsp;<\/p>\n<p>In einem Speckg\u00fcrtel von 50 km rund um den Bodensee leben und arbeiten ca. 3 Mio Menschen, \u00fcberwiegend in mittelst\u00e4ndigen meist Inhabergef\u00fchrten Unternehme\/Betrieben.<\/p>\n<p>Die bedeutensten landwirtschaftlichen Produkte die rund um den See erzeugt und auch exportiert werden sind:<\/p>\n<ul>\n<li>Tettnanger Hopfen als Rohstoff f\u00fcr die Bierproduktion<\/li>\n<li>Wein in den Anbaugebieten: Salem, Meersburg, Hagnau, Nonnenhorn, Wasserburg und Lindau<\/li>\n<li>Obst (vorwiegend \u00c4pfel) die rund und um den See angebaut werden<\/li>\n<li>Erdbeeren<\/li>\n<li>Gem\u00fcse bekannt auch wegen der Produktionsstandorte rund um die Insel Reichenau<\/li>\n<\/ul>\n<p>Die gr\u00f6ssten St\u00e4dte am Bodensee sind:<\/p>\n<ul>\n<li>Am deutschen Ufer&nbsp;&nbsp; Konstanz, Friedrichshafen, Radolfzell, \u00dcberlingen&nbsp; (Baden W\u00fcrttemberg) und Lindau (Bayern),&nbsp;<\/li>\n<li>Am \u00f6sterreichischen Ufer Bregenz (Vorarlberg)<\/li>\n<li>Am schweizer Ufer Kreuzlingen, Rohmanshorn, Arborn (Kanton Thurgau), und Rorschach&nbsp; (Kanton St. Gallen)<\/li>\n<\/ul>\n<p>Die zweitgr\u00f6\u00dfte deutsche Stadt am Bodensee ist Friedrichshafen.<\/p>\n<p>Die Wurzeln der Stadt Friedrichshafen reichen zur\u00fcck bis zur Gr\u00fcndung des Alemannendorfs Alt-Buchhorn im 5. Jahrhundert.<\/p>\n<p>Vor 1241 erhielt Buchhorn die Stadtrechte, um 1275 wurde der Status einer Freien Reichsstadt best\u00e4tigt.<\/p>\n<p>Die beiden Jahre 1810 und 1811 sind f\u00fcr die Stadtgr\u00fcndung Friedrichshafens entscheidend, weil hier die Zugeh\u00f6rigkeit zu W\u00fcrttemberg entschieden und der Namenswechsel von Buchhorn zu Friedrichshafen vollzogen wurde.<\/p>\n<p>Buchhorn, mit 450 Einwohnern eine der kleinsten Reichsst\u00e4dte, bestand bis 1811 und schlug nach seiner Umbenennung in Friedrichshafen einen ganz anderen Weg der st\u00e4dtischen Entwicklung ein als zuvor. Am Ende dieser fast neun Jahre w\u00e4hrenden Phase der territorialen Neubesetzung und Umgestaltung (Bayern und W\u00fcrttemberg als neue Herren Buchhorns; Nassau-Oranien, \u00d6sterreich und W\u00fcrttemberg bez\u00fcglich Kloster und Dorf Hofen) stand die Gr\u00fcndung von \u201aSchloss und Stadt Friedrichshafen\u2018 am 17. Juli 1811.<\/p>\n<p>Die politischen Entscheidungen in der neuen Stadt Friedrichshafen traf nun ein Oberamtmann in Personalunion als Stadtschulthei\u00df und Hafendirektor. Dieser war auf Lebenszeit sowohl f\u00fcr die politischen als auch f\u00fcr die wirtschaftlichen Belange der beiden Freih\u00e4fen in Buchhorn und Hofen zust\u00e4ndig.<\/p>\n<p>Am 28. April und 20. Juli 1944 fanden ein britischer Nachtangriff und ein Tagangriff der U.S.-Luftstreitkr\u00e4fte statt.<\/p>\n<p>In Friedrichshafen wurden Wohngebiete und Industrieanlagen zerst\u00f6rt, die Angriffe forderten zahlreiche Todesofper.<\/p>\n<p>Am Ende des Zweiten Weltkrieges war der Stadtkern von Friedrichshafen war fast zur G\u00e4nze zerst\u00f6rt.<\/p>\n<p>Der Wiederaufbau Friedrichshafens nach dem Zweiten Weltkrieg kam zun\u00e4chst nur schleppend voran. Im Vordergrund stand die Enttr\u00fcmmerung der Altstadt. Der eigentliche Neuaufbau, d. h. der Verzicht auf einen Wiederaufbau historischer Geb\u00e4ude zugunsten von Abriss und zeitgem\u00e4\u00dfen Neubauten.<\/p>\n<p>Deswegen ist das Stadtbild von Friedrichshafen von Geb\u00e4uden gepr\u00e4gt, die in Eile direkt nach dem 2 Weltkrieg erbaut wurden. Architektonische Sch\u00f6nheiten sind nur sehr vereinzelt erbaut worden.<\/p>\n<p>Von 1949 bis 1958 wurden 2.812 Geb\u00e4ude bzw. 5.159 Wohneinheiten f\u00fcr rund 20.000 Menschen geschaffen.<\/p>\n<p>Im Jahr 1961 besa\u00df Friedrichshafen mit 36.000 Einwohnern bereits die H\u00e4lfte aller Bewohner des damaligen Landkreis Tettnang.<\/p>\n<p>Friedrichshafen hat heute ca. 59.500 Einwohner und im dazugeh\u00f6renden Bodenseekreis ca. 216.000 Einwohner (2019)<\/p>\n<p>insgesamt.<\/p>\n<p>Die dominierenden gro\u00dfen Firmen vor Ort sind&nbsp; ZF,&nbsp;&nbsp; MTU (Rolls-Royce),&nbsp; Zeppelin, Airbus (fr\u00fcher Dornier)&nbsp; und viele weitere meist mittelst\u00e4ndige Betriebe, die nicht selten auch wegen Ihrer extrem guten und innovativen Produkten als &#8222;Hidden Champions&#8220; den Weltmarkt mit&nbsp; Nieschenprodukten anf\u00fchren.<\/p>\n<p>Friedrichshafen verf\u00fcgt \u00fcber einen Flughafen (Bodensee Airport \/ Kennung = FDH), ein Messegel\u00e4nde, ein Kultur- und Congress-Zentrum (GZH), der Kiesel im K42 (Kleinkunsttheater), die Kasserne (Kleinkunstb\u00fchne, Kino etc.),&nbsp; der Bahnhof Fischbach (Kleinkunstb\u00fchne) und die Zeppelin Universit\u00e4t (ZU).<\/p>\n<p>Die gr\u00f6\u00dften j\u00e4hrlich stattfindenden Feste &amp; Festivals mit \u00fcberregionaler Bedeutung in Friedrichshafen sind:<\/p>\n<ul>\n<li>Zu Beginn des Jahres die H\u00e4fler Fasnet (Jan.bis Aschermittwoch),<\/li>\n<li>Das Seehasenfest (Juli) und<\/li>\n<li>Das KulturUfer (Juli\/August).<\/li>\n<\/ul>\n<p><\/p>\n\n\n<p><\/p>\n","protected":false},"excerpt":{"rendered":"<p>Friedrichshafen am Bodensee liegt im S\u00fcden von Deutschland direkt am n\u00f6rdlichen Bodenseeufer. &#8222;Wir leben und arbeiten da wo andere Menschen Urlaub machen&#8230;&#8220; wird gerne von den Einheimischen hier vor Ort angef\u00fchrt, beschreibt in Kurzform treffend die Region und ist nicht nur eine nett gemeinte Floskel.&nbsp; In einem Speckg\u00fcrtel von 50 km rund um den Bodensee &hellip; <\/p>\n<p class=\"link-more\"><a href=\"https:\/\/www.kistner-fn.de\/\" class=\"more-link\"><span class=\"screen-reader-text\">\u201eWillkommen in FN&#8230;\u201c<\/span> weiterlesen<\/a><\/p>\n","protected":false},"author":1,"featured_media":0,"parent":0,"menu_order":0,"comment_status":"open","ping_status":"open","template":"","meta":{"footnotes":""},"class_list":["post-2","page","type-page","status-publish","hentry"],"_links":{"self":[{"href":"https:\/\/www.kistner-fn.de\/index.php?rest_route=\/wp\/v2\/pages\/2","targetHints":{"allow":["GET"]}}],"collection":[{"href":"https:\/\/www.kistner-fn.de\/index.php?rest_route=\/wp\/v2\/pages"}],"about":[{"href":"https:\/\/www.kistner-fn.de\/index.php?rest_route=\/wp\/v2\/types\/page"}],"author":[{"embeddable":true,"href":"https:\/\/www.kistner-fn.de\/index.php?rest_route=\/wp\/v2\/users\/1"}],"replies":[{"embeddable":true,"href":"https:\/\/www.kistner-fn.de\/index.php?rest_route=%2Fwp%2Fv2%2Fcomments&post=2"}],"version-history":[{"count":12,"href":"https:\/\/www.kistner-fn.de\/index.php?rest_route=\/wp\/v2\/pages\/2\/revisions"}],"predecessor-version":[{"id":161,"href":"https:\/\/www.kistner-fn.de\/index.php?rest_route=\/wp\/v2\/pages\/2\/revisions\/161"}],"wp:attachment":[{"href":"https:\/\/www.kistner-fn.de\/index.php?rest_route=%2Fwp%2Fv2%2Fmedia&parent=2"}],"curies":[{"name":"wp","href":"https:\/\/api.w.org\/{rel}","templated":true}]}}